{"id":1506,"date":"2026-01-04T14:05:30","date_gmt":"2026-01-04T14:05:30","guid":{"rendered":"https:\/\/jedtogo.org\/update\/?page_id=1506"},"modified":"2026-01-04T16:05:17","modified_gmt":"2026-01-04T16:05:17","slug":"faire-un-don","status":"publish","type":"page","link":"https:\/\/jedtogo.org\/update\/faire-un-don\/","title":{"rendered":"Faire un don"},"content":{"rendered":"\t\t<div data-elementor-type=\"wp-page\" data-elementor-id=\"1506\" class=\"elementor elementor-1506\" data-elementor-post-type=\"page\">\n\t\t\t\t<div class=\"elementor-element elementor-element-5dc5d1bc e-flex e-con-boxed tmpcoder-jarallax-no tmpcoder-parallax-no tmpcoder-particle-no tmpcoder-sticky-section-no e-con e-parent\" data-id=\"5dc5d1bc\" data-element_type=\"container\" data-settings=\"{&quot;background_background&quot;:&quot;classic&quot;}\">\n\t\t\t\t\t<div class=\"e-con-inner\">\n\t\t<div class=\"elementor-element elementor-element-7d62e62b e-con-full e-flex tmpcoder-jarallax-no tmpcoder-parallax-no tmpcoder-particle-no tmpcoder-sticky-section-no e-con e-child\" data-id=\"7d62e62b\" data-element_type=\"container\">\n\t\t\t\t<div class=\"elementor-element elementor-element-3c84f6bf elementor-widget elementor-widget-page-title\" data-id=\"3c84f6bf\" data-element_type=\"widget\" data-widget_type=\"page-title.default\">\n\t\t\t\t<div class=\"elementor-widget-container\">\n\t\t\t\t\t\t\t\n\t\t<div class=\"hfe-page-title hfe-page-title-wrapper elementor-widget-heading\">\n\n\t\t\t\t\t\t\t\t\t\t\t<a href=\"https:\/\/jedtogo.org\/update\">\n\t\t\t\t\t\t<h2 class=\"elementor-heading-title elementor-size-default\">\n\t\t\t\t\t\t\t\t\n\t\t\t\tFaire un don  \n\t\t\t<\/h2 > \n\t\t\t\t\t\t\t\t\t<\/a>\n\t\t\t\t\t<\/div>\n\t\t\t\t\t\t<\/div>\n\t\t\t\t<\/div>\n\t\t\t\t<div class=\"elementor-element elementor-element-6abb6cbf elementor-align-center elementor-widget elementor-widget-breadcrumbs\" data-id=\"6abb6cbf\" data-element_type=\"widget\" data-widget_type=\"breadcrumbs.default\">\n\t\t\t\t<div class=\"elementor-widget-container\">\n\t\t\t\t\t<p id=\"breadcrumbs\"><span><span><a href=\"https:\/\/jedtogo.org\/update\/\">Accueil<\/a><\/span><\/span><\/p>\t\t\t\t<\/div>\n\t\t\t\t<\/div>\n\t\t\t\t<\/div>\n\t\t\t\t\t<\/div>\n\t\t\t\t<\/div>\n\t\t<div class=\"elementor-element elementor-element-f28dbec e-flex e-con-boxed tmpcoder-jarallax-no tmpcoder-parallax-no tmpcoder-particle-no tmpcoder-sticky-section-no e-con e-parent\" data-id=\"f28dbec\" data-element_type=\"container\">\n\t\t\t\t\t<div class=\"e-con-inner\">\n\t\t<div class=\"elementor-element elementor-element-3f7c2ef e-con-full e-flex tmpcoder-jarallax-no tmpcoder-parallax-no tmpcoder-particle-no tmpcoder-sticky-section-no e-con e-child\" data-id=\"3f7c2ef\" data-element_type=\"container\">\n\t\t\t\t<div class=\"elementor-element elementor-element-58a6e65 elementor-widget elementor-widget-image\" data-id=\"58a6e65\" data-element_type=\"widget\" data-widget_type=\"image.default\">\n\t\t\t\t<div class=\"elementor-widget-container\">\n\t\t\t\t\t\t\t\t\t\t\t\t\t\t\t\t<a href=\"#\">\n\t\t\t\t\t\t\t<img fetchpriority=\"high\" width=\"304\" height=\"165\"  class=\"attachment-full size-full wp-image-1521 lws-optimize-lazyload\" alt=\"\" srcset=\"https:\/\/jedtogo.org\/update\/wp-content\/uploads\/2026\/01\/tmoney.webp 304w, https:\/\/jedtogo.org\/update\/wp-content\/uploads\/2026\/01\/tmoney-300x163.webp 300w\" sizes=\"(max-width: 304px) 100vw, 304px\" \/ data-src=\"https:\/\/jedtogo.org\/update\/wp-content\/uploads\/2026\/01\/tmoney.webp\">\t\t\t\t\t\t\t\t<\/a>\n\t\t\t\t\t\t\t\t\t\t\t\t\t\t\t<\/div>\n\t\t\t\t<\/div>\n\t\t\t\t<\/div>\n\t\t<div class=\"elementor-element elementor-element-ed432a0 e-con-full e-flex tmpcoder-jarallax-no tmpcoder-parallax-no tmpcoder-particle-no tmpcoder-sticky-section-no e-con e-child\" data-id=\"ed432a0\" data-element_type=\"container\">\n\t\t\t\t<div class=\"elementor-element elementor-element-8968eb0 elementor-widget elementor-widget-image\" data-id=\"8968eb0\" data-element_type=\"widget\" data-widget_type=\"image.default\">\n\t\t\t\t<div class=\"elementor-widget-container\">\n\t\t\t\t\t\t\t\t\t\t\t\t\t\t\t\t<a href=\"#\">\n\t\t\t\t\t\t\t<img width=\"304\" height=\"165\"  class=\"attachment-full size-full wp-image-1522 lws-optimize-lazyload\" alt=\"\" srcset=\"https:\/\/jedtogo.org\/update\/wp-content\/uploads\/2026\/01\/moov.webp 304w, https:\/\/jedtogo.org\/update\/wp-content\/uploads\/2026\/01\/moov-300x163.webp 300w\" sizes=\"(max-width: 304px) 100vw, 304px\" \/ data-src=\"https:\/\/jedtogo.org\/update\/wp-content\/uploads\/2026\/01\/moov.webp\">\t\t\t\t\t\t\t\t<\/a>\n\t\t\t\t\t\t\t\t\t\t\t\t\t\t\t<\/div>\n\t\t\t\t<\/div>\n\t\t\t\t<\/div>\n\t\t<div class=\"elementor-element elementor-element-070794e e-con-full e-flex tmpcoder-jarallax-no tmpcoder-parallax-no tmpcoder-particle-no tmpcoder-sticky-section-no e-con e-child\" data-id=\"070794e\" data-element_type=\"container\">\n\t\t\t\t<div class=\"elementor-element elementor-element-bbe88d7 elementor-widget elementor-widget-image\" data-id=\"bbe88d7\" data-element_type=\"widget\" data-widget_type=\"image.default\">\n\t\t\t\t<div class=\"elementor-widget-container\">\n\t\t\t\t\t\t\t\t\t\t\t\t\t\t\t\t<a href=\"#\">\n\t\t\t\t\t\t\t<img width=\"304\" height=\"165\"  class=\"attachment-full size-full wp-image-1520 lws-optimize-lazyload\" alt=\"\" srcset=\"https:\/\/jedtogo.org\/update\/wp-content\/uploads\/2026\/01\/ECOBANK.webp 304w, https:\/\/jedtogo.org\/update\/wp-content\/uploads\/2026\/01\/ECOBANK-300x163.webp 300w\" sizes=\"(max-width: 304px) 100vw, 304px\" \/ data-src=\"https:\/\/jedtogo.org\/update\/wp-content\/uploads\/2026\/01\/ECOBANK.webp\">\t\t\t\t\t\t\t\t<\/a>\n\t\t\t\t\t\t\t\t\t\t\t\t\t\t\t<\/div>\n\t\t\t\t<\/div>\n\t\t\t\t<\/div>\n\t\t\t\t\t<\/div>\n\t\t\t\t<\/div>\n\t\t<div class=\"elementor-element elementor-element-27c3db5f e-flex e-con-boxed tmpcoder-jarallax-no tmpcoder-parallax-no tmpcoder-particle-no tmpcoder-sticky-section-no e-con e-parent\" data-id=\"27c3db5f\" data-element_type=\"container\" data-settings=\"{&quot;background_background&quot;:&quot;classic&quot;}\">\n\t\t\t\t\t<div class=\"e-con-inner\">\n\t\t<div class=\"elementor-element elementor-element-745fbcef e-con-full e-flex tmpcoder-jarallax-no tmpcoder-parallax-no tmpcoder-particle-no tmpcoder-sticky-section-no e-con e-child\" data-id=\"745fbcef\" data-element_type=\"container\">\n\t\t\t\t<div class=\"elementor-element elementor-element-28ab71e6 elementor-widget elementor-widget-text-editor\" data-id=\"28ab71e6\" data-element_type=\"widget\" data-widget_type=\"text-editor.default\">\n\t\t\t\t<div class=\"elementor-widget-container\">\n\t\t\t\t\t\t\t\t\t<p><strong>&#8220;L\u2019\u00e9ducation est l\u2019\u00e2me la plus puissante qu\u2019on puisse utiliser pour changer les Monde. N. Mandela&#8221;<\/strong><\/p>\t\t\t\t\t\t\t\t<\/div>\n\t\t\t\t<\/div>\n\t\t\t\t<\/div>\n\t\t\t\t\t<\/div>\n\t\t\t\t<\/div>\n\t\t\t\t<\/div>\n\t\t","protected":false},"excerpt":{"rendered":"<p>Faire un don &#8220;L\u2019\u00e9ducation est l\u2019\u00e2me la plus puissante qu\u2019on puisse utiliser pour changer les Monde. N. Mandela&#8221;<\/p>\n","protected":false},"author":1,"featured_media":0,"parent":0,"menu_order":0,"comment_status":"closed","ping_status":"closed","template":"","meta":{"give_campaign_id":0,"_eb_attr":"","footnotes":""},"class_list":["post-1506","page","type-page","status-publish","hentry"],"yoast_head":"<!-- This site is optimized with the Yoast SEO plugin v26.7 - https:\/\/yoast.com\/wordpress\/plugins\/seo\/ -->\n<title>Faire un don - JET TOGO<\/title>\n<meta name=\"robots\" content=\"index, follow, max-snippet:-1, max-image-preview:large, max-video-preview:-1\" \/>\n<link rel=\"canonical\" href=\"https:\/\/jedtogo.org\/update\/faire-un-don\/\" \/>\n<meta property=\"og:locale\" content=\"fr_FR\" \/>\n<meta property=\"og:type\" content=\"article\" \/>\n<meta property=\"og:title\" content=\"Faire un don - JET TOGO\" \/>\n<meta property=\"og:description\" content=\"Faire un don &#8220;L\u2019\u00e9ducation est l\u2019\u00e2me la plus puissante qu\u2019on puisse utiliser pour changer les Monde. N. Mandela&#8221;\" \/>\n<meta property=\"og:url\" content=\"https:\/\/jedtogo.org\/update\/faire-un-don\/\" \/>\n<meta property=\"og:site_name\" content=\"JET TOGO\" \/>\n<meta property=\"article:modified_time\" content=\"2026-01-04T16:05:17+00:00\" \/>\n<meta property=\"og:image\" content=\"https:\/\/jedtogo.org\/update\/wp-content\/uploads\/2026\/01\/tmoney.webp\" \/>\n\t<meta property=\"og:image:width\" content=\"304\" \/>\n\t<meta property=\"og:image:height\" content=\"165\" \/>\n\t<meta property=\"og:image:type\" content=\"image\/webp\" \/>\n<meta name=\"twitter:card\" content=\"summary_large_image\" \/>\n<meta name=\"twitter:label1\" content=\"Dur\u00e9e de lecture estim\u00e9e\" \/>\n\t<meta name=\"twitter:data1\" content=\"1 minute\" \/>\n<script type=\"application\/ld+json\" class=\"yoast-schema-graph\">{\"@context\":\"https:\/\/schema.org\",\"@graph\":[{\"@type\":\"WebPage\",\"@id\":\"https:\/\/jedtogo.org\/update\/faire-un-don\/\",\"url\":\"https:\/\/jedtogo.org\/update\/faire-un-don\/\",\"name\":\"Faire un don - JET TOGO\",\"isPartOf\":{\"@id\":\"https:\/\/jedtogo.org\/update\/#website\"},\"primaryImageOfPage\":{\"@id\":\"https:\/\/jedtogo.org\/update\/faire-un-don\/#primaryimage\"},\"image\":{\"@id\":\"https:\/\/jedtogo.org\/update\/faire-un-don\/#primaryimage\"},\"thumbnailUrl\":\"https:\/\/jedtogo.org\/update\/wp-content\/uploads\/2026\/01\/tmoney.webp\",\"datePublished\":\"2026-01-04T14:05:30+00:00\",\"dateModified\":\"2026-01-04T16:05:17+00:00\",\"breadcrumb\":{\"@id\":\"https:\/\/jedtogo.org\/update\/faire-un-don\/#breadcrumb\"},\"inLanguage\":\"fr-FR\",\"potentialAction\":[{\"@type\":\"ReadAction\",\"target\":[\"https:\/\/jedtogo.org\/update\/faire-un-don\/\"]}]},{\"@type\":\"ImageObject\",\"inLanguage\":\"fr-FR\",\"@id\":\"https:\/\/jedtogo.org\/update\/faire-un-don\/#primaryimage\",\"url\":\"https:\/\/jedtogo.org\/update\/wp-content\/uploads\/2026\/01\/tmoney.webp\",\"contentUrl\":\"https:\/\/jedtogo.org\/update\/wp-content\/uploads\/2026\/01\/tmoney.webp\",\"width\":304,\"height\":165},{\"@type\":\"BreadcrumbList\",\"@id\":\"https:\/\/jedtogo.org\/update\/faire-un-don\/#breadcrumb\",\"itemListElement\":[{\"@type\":\"ListItem\",\"position\":1,\"name\":\"Accueil\",\"item\":\"https:\/\/jedtogo.org\/update\/\"},{\"@type\":\"ListItem\",\"position\":2,\"name\":\"Faire un don\"}]},{\"@type\":\"WebSite\",\"@id\":\"https:\/\/jedtogo.org\/update\/#website\",\"url\":\"https:\/\/jedtogo.org\/update\/\",\"name\":\"JET TOGO\",\"description\":\"Ensemble contre les in\u00e9galit\u00e9s, pour la dignit\u00e9 humaine\",\"publisher\":{\"@id\":\"https:\/\/jedtogo.org\/update\/#organization\"},\"potentialAction\":[{\"@type\":\"SearchAction\",\"target\":{\"@type\":\"EntryPoint\",\"urlTemplate\":\"https:\/\/jedtogo.org\/update\/?s={search_term_string}\"},\"query-input\":{\"@type\":\"PropertyValueSpecification\",\"valueRequired\":true,\"valueName\":\"search_term_string\"}}],\"inLanguage\":\"fr-FR\"},{\"@type\":\"Organization\",\"@id\":\"https:\/\/jedtogo.org\/update\/#organization\",\"name\":\"JET TOGO\",\"url\":\"https:\/\/jedtogo.org\/update\/\",\"logo\":{\"@type\":\"ImageObject\",\"inLanguage\":\"fr-FR\",\"@id\":\"https:\/\/jedtogo.org\/update\/#\/schema\/logo\/image\/\",\"url\":\"https:\/\/jedtogo.org\/update\/wp-content\/uploads\/2025\/12\/JED-TOGO.jpg\",\"contentUrl\":\"https:\/\/jedtogo.org\/update\/wp-content\/uploads\/2025\/12\/JED-TOGO.jpg\",\"width\":768,\"height\":374,\"caption\":\"JET TOGO\"},\"image\":{\"@id\":\"https:\/\/jedtogo.org\/update\/#\/schema\/logo\/image\/\"}}]}<\/script>\n<!-- \/ Yoast SEO plugin. -->","yoast_head_json":{"title":"Faire un don - JET TOGO","robots":{"index":"index","follow":"follow","max-snippet":"max-snippet:-1","max-image-preview":"max-image-preview:large","max-video-preview":"max-video-preview:-1"},"canonical":"https:\/\/jedtogo.org\/update\/faire-un-don\/","og_locale":"fr_FR","og_type":"article","og_title":"Faire un don - JET TOGO","og_description":"Faire un don &#8220;L\u2019\u00e9ducation est l\u2019\u00e2me la plus puissante qu\u2019on puisse utiliser pour changer les Monde. N. Mandela&#8221;","og_url":"https:\/\/jedtogo.org\/update\/faire-un-don\/","og_site_name":"JET TOGO","article_modified_time":"2026-01-04T16:05:17+00:00","og_image":[{"width":304,"height":165,"url":"https:\/\/jedtogo.org\/update\/wp-content\/uploads\/2026\/01\/tmoney.webp","type":"image\/webp"}],"twitter_card":"summary_large_image","twitter_misc":{"Dur\u00e9e de lecture estim\u00e9e":"1 minute"},"schema":{"@context":"https:\/\/schema.org","@graph":[{"@type":"WebPage","@id":"https:\/\/jedtogo.org\/update\/faire-un-don\/","url":"https:\/\/jedtogo.org\/update\/faire-un-don\/","name":"Faire un don - JET TOGO","isPartOf":{"@id":"https:\/\/jedtogo.org\/update\/#website"},"primaryImageOfPage":{"@id":"https:\/\/jedtogo.org\/update\/faire-un-don\/#primaryimage"},"image":{"@id":"https:\/\/jedtogo.org\/update\/faire-un-don\/#primaryimage"},"thumbnailUrl":"https:\/\/jedtogo.org\/update\/wp-content\/uploads\/2026\/01\/tmoney.webp","datePublished":"2026-01-04T14:05:30+00:00","dateModified":"2026-01-04T16:05:17+00:00","breadcrumb":{"@id":"https:\/\/jedtogo.org\/update\/faire-un-don\/#breadcrumb"},"inLanguage":"fr-FR","potentialAction":[{"@type":"ReadAction","target":["https:\/\/jedtogo.org\/update\/faire-un-don\/"]}]},{"@type":"ImageObject","inLanguage":"fr-FR","@id":"https:\/\/jedtogo.org\/update\/faire-un-don\/#primaryimage","url":"https:\/\/jedtogo.org\/update\/wp-content\/uploads\/2026\/01\/tmoney.webp","contentUrl":"https:\/\/jedtogo.org\/update\/wp-content\/uploads\/2026\/01\/tmoney.webp","width":304,"height":165},{"@type":"BreadcrumbList","@id":"https:\/\/jedtogo.org\/update\/faire-un-don\/#breadcrumb","itemListElement":[{"@type":"ListItem","position":1,"name":"Accueil","item":"https:\/\/jedtogo.org\/update\/"},{"@type":"ListItem","position":2,"name":"Faire un don"}]},{"@type":"WebSite","@id":"https:\/\/jedtogo.org\/update\/#website","url":"https:\/\/jedtogo.org\/update\/","name":"JET TOGO","description":"Ensemble contre les in\u00e9galit\u00e9s, pour la dignit\u00e9 humaine","publisher":{"@id":"https:\/\/jedtogo.org\/update\/#organization"},"potentialAction":[{"@type":"SearchAction","target":{"@type":"EntryPoint","urlTemplate":"https:\/\/jedtogo.org\/update\/?s={search_term_string}"},"query-input":{"@type":"PropertyValueSpecification","valueRequired":true,"valueName":"search_term_string"}}],"inLanguage":"fr-FR"},{"@type":"Organization","@id":"https:\/\/jedtogo.org\/update\/#organization","name":"JET TOGO","url":"https:\/\/jedtogo.org\/update\/","logo":{"@type":"ImageObject","inLanguage":"fr-FR","@id":"https:\/\/jedtogo.org\/update\/#\/schema\/logo\/image\/","url":"https:\/\/jedtogo.org\/update\/wp-content\/uploads\/2025\/12\/JED-TOGO.jpg","contentUrl":"https:\/\/jedtogo.org\/update\/wp-content\/uploads\/2025\/12\/JED-TOGO.jpg","width":768,"height":374,"caption":"JET TOGO"},"image":{"@id":"https:\/\/jedtogo.org\/update\/#\/schema\/logo\/image\/"}}]}},"campaignId":"","_links":{"self":[{"href":"https:\/\/jedtogo.org\/update\/wp-json\/wp\/v2\/pages\/1506","targetHints":{"allow":["GET"]}}],"collection":[{"href":"https:\/\/jedtogo.org\/update\/wp-json\/wp\/v2\/pages"}],"about":[{"href":"https:\/\/jedtogo.org\/update\/wp-json\/wp\/v2\/types\/page"}],"author":[{"embeddable":true,"href":"https:\/\/jedtogo.org\/update\/wp-json\/wp\/v2\/users\/1"}],"replies":[{"embeddable":true,"href":"https:\/\/jedtogo.org\/update\/wp-json\/wp\/v2\/comments?post=1506"}],"version-history":[{"count":19,"href":"https:\/\/jedtogo.org\/update\/wp-json\/wp\/v2\/pages\/1506\/revisions"}],"predecessor-version":[{"id":1538,"href":"https:\/\/jedtogo.org\/update\/wp-json\/wp\/v2\/pages\/1506\/revisions\/1538"}],"wp:attachment":[{"href":"https:\/\/jedtogo.org\/update\/wp-json\/wp\/v2\/media?parent=1506"}],"curies":[{"name":"wp","href":"https:\/\/api.w.org\/{rel}","templated":true}]}}